{"id":11,"date":"2025-09-21T12:29:21","date_gmt":"2025-09-21T12:29:21","guid":{"rendered":"https:\/\/www.odborovysvaz-zaz.cz\/?page_id=11"},"modified":"2025-10-06T21:50:53","modified_gmt":"2025-10-06T21:50:53","slug":"o-nas","status":"publish","type":"page","link":"https:\/\/www.odborovysvaz-zaz.cz\/ua\/o-nas\/","title":{"rendered":"O n\u00e1s"},"content":{"rendered":"<div id=\"fws_69f5e1e1428d0\"  data-column-margin=\"none\" data-midnight=\"dark\" data-top-percent=\"5%\" data-bottom-percent=\"7%\"  class=\"wpb_row vc_row-fluid vc_row full-width-content vc_row-o-equal-height vc_row-flex vc_row-o-content-middle  right_padding_7pct left_padding_7pct\"  style=\"padding-top: calc(100vw * 0.05); padding-bottom: calc(100vw * 0.07); \"><div class=\"row-bg-wrap\" data-bg-animation=\"none\" data-bg-animation-delay=\"\" data-bg-overlay=\"false\"><div class=\"inner-wrap row-bg-layer\" ><div class=\"row-bg viewport-desktop\"  style=\"\"><\/div><\/div><\/div><div class=\"row_col_wrap_12 col span_12 dark left\">\n\t<div  class=\"vc_col-sm-6 wpb_column column_container vc_column_container col no-extra-padding column_position_relative el_spacing_0px inherit_tablet inherit_phone\"  data-overlay-color=\"true\" data-padding-pos=\"all\" data-has-bg-color=\"false\" data-bg-color=\"\" data-bg-opacity=\"1\" data-animation=\"\" data-delay=\"0\" >\n\t\t<div class=\"vc_column-inner\" ><div class=\"column-bg-overlay-wrap column-bg-layer\" data-bg-animation=\"none\"><div class=\"column-bg-overlay\"><\/div><div class=\"column-overlay-layer\" style=\"\"><\/div><\/div>\n\t\t\t<div class=\"wpb_wrapper\">\n\t\t\t\t<div id=\"fws_69f5e1e142ce3\" data-midnight=\"\" data-column-margin=\"default\" class=\"wpb_row vc_row-fluid vc_row inner_row\"  style=\"\"><div class=\"row-bg-wrap\"> <div class=\"row-bg\" ><\/div> <\/div><div class=\"row_col_wrap_12_inner col span_12  left\">\n\t<div style=\"\" class=\"vc_col-sm-12 wpb_column column_container vc_column_container col child_column bg_img_front top_padding_desktop_60vh top_padding_tablet_50vh top_padding_phone_40vh\"  data-using-bg=\"true\" data-border-radius=\"20px\" data-bg-cover=\"true\" data-padding-pos=\"all\" data-has-bg-color=\"false\" data-bg-color=\"\" data-bg-opacity=\"1\" data-animation=\"\" data-delay=\"0\" >\n\t\t<div class=\"vc_column-inner\" ><div class=\"column-image-bg-wrap column-bg-layer viewport-desktop\" data-n-parallax-bg=\"true\" data-parallax-speed=\"minimum\" data-bg-pos=\"center center\" data-bg-animation=\"none\" data-bg-overlay=\"false\"><div class=\"inner-wrap\"><div class=\"column-image-bg parallax-layer\" style=\" background-image: url('https:\/\/www.odborovysvaz-zaz.cz\/wp-content\/uploads\/2025\/10\/unions-article.jpg'); \"><\/div><\/div><\/div>\n\t\t<div class=\"wpb_wrapper\">\n\t\t\t\n\t\t<\/div> \n\t<\/div>\n\t<\/div> \n<\/div><\/div><div id=\"fws_69f5e1e143151\" data-midnight=\"\" data-column-margin=\"default\" class=\"wpb_row vc_row-fluid vc_row inner_row  row_position_absolute bottom_position_desktop_30px left_position_desktop_30px\"  style=\" z-index: 500;\"><div class=\"row-bg-wrap\"> <div class=\"row-bg\" ><\/div> <\/div><div class=\"row_col_wrap_12_inner col span_12  left\">\n\t<div style=\"\" class=\"vc_col-sm-12 wpb_column column_container vc_column_container col child_column has-animation no-extra-padding inherit_tablet inherit_phone col-overflow-hidden nectar-mask-reveal nectar-mask-reveal-left_bottom-dir nectar-mask-reveal-circle-shape\"  data-using-bg=\"true\" data-border-radius=\"15px\" data-padding-pos=\"all\" data-has-bg-color=\"true\" data-bg-color=\"#ffffff\" data-bg-opacity=\"1\" data-animation=\"mask-reveal\" data-delay=\"0\" data-animation-offset=\"95%\" data-animation-easing=\"easeInOutCubic\" >\n\t\t<div class=\"vc_column-inner\" ><div class=\"column-bg-overlay-wrap column-bg-layer\" data-bg-animation=\"none\"><div class=\"column-bg-overlay\" style=\"opacity: 1; background-color: #ffffff;\"><\/div><\/div>\n\t\t<div class=\"wpb_wrapper\">\n\t\t\t\n\t\t<\/div> \n\t<\/div>\n\t<\/div> \n<\/div><\/div>\n\t\t\t<\/div> \n\t\t<\/div>\n\t<\/div> \n\n\t<div  class=\"vc_col-sm-6 wpb_column column_container vc_column_container col column_position_static el_spacing_30px left_padding_desktop_7vw\"  data-padding-pos=\"all\" data-has-bg-color=\"false\" data-bg-color=\"\" data-bg-opacity=\"1\" data-animation=\"\" data-delay=\"0\" >\n\t\t<div class=\"vc_column-inner\" >\n\t\t\t<div class=\"wpb_wrapper\">\n\t\t\t\t<div id=\"fws_69f5e1e1433ec\" data-midnight=\"\" data-column-margin=\"none\" class=\"wpb_row vc_row-fluid vc_row inner_row  right_padding_5pct top_padding_tablet_8pct\"  style=\"\"><div class=\"row-bg-wrap\"> <div class=\"row-bg\" ><\/div> <\/div><div class=\"row_col_wrap_12_inner col span_12  left\">\n\t<div  class=\"vc_col-sm-12 wpb_column column_container vc_column_container col child_column no-extra-padding inherit_tablet inherit_phone\"   data-padding-pos=\"all\" data-has-bg-color=\"false\" data-bg-color=\"\" data-bg-opacity=\"1\" data-animation=\"\" data-delay=\"0\" >\n\t\t<div class=\"vc_column-inner\" >\n\t\t<div class=\"wpb_wrapper\">\n\t\t\t<div class=\"nectar-split-heading  font_size_3vw font_line_height_1-3\" data-align=\"default\" data-m-align=\"inherit\" data-text-effect=\"default\" data-animation-type=\"line-reveal-by-space\" data-animation-delay=\"0\" data-animation-offset=\"\" data-m-rm-animation=\"true\" data-stagger=\"true\" data-custom-font-size=\"true\" style=\"font-size: 3vw; line-height: 3.3vw;\"><h2 style=\" color: #000000;\">O n\u00e1s<\/h2><\/div>\n\t\t<\/div> \n\t<\/div>\n\t<\/div> \n<\/div><\/div><div id=\"fws_69f5e1e143666\" data-midnight=\"\" data-column-margin=\"default\" class=\"wpb_row vc_row-fluid vc_row inner_row  right_padding_14pct\"  style=\"\"><div class=\"row-bg-wrap\"> <div class=\"row-bg\" ><\/div> <\/div><div class=\"row_col_wrap_12_inner col span_12  left\">\n\t<div  class=\"vc_col-sm-12 wpb_column column_container vc_column_container col child_column has-animation no-extra-padding inherit_tablet inherit_phone\"   data-padding-pos=\"all\" data-has-bg-color=\"false\" data-bg-color=\"\" data-bg-opacity=\"1\" data-animation=\"fade-in\" data-delay=\"0\" data-animation-easing=\"easeInOutQuad\" >\n\t\t<div class=\"vc_column-inner\" >\n\t\t<div class=\"wpb_wrapper\">\n\t\t\t<div class=\"nectar-responsive-text font_size_min_16px font_size_desktop_1-1vw font_line_height_1-8 nectar-link-underline-effect\"><p>Odborov\u00fd svaz zahrani\u010dn\u00edch a agenturn\u00edch zam\u011bstnanc\u016f (ZAZ) je progresivn\u00ed odborov\u00e1 organizace, kter\u00e1 h\u00e1j\u00ed z\u00e1jmy pracovn\u00edk\u016f, kte\u0159\u00ed \u010dasto \u010del\u00ed nejistot\u00e1m, nerovnostem \u010di slab\u0161\u00ed ochran\u011b. Na\u0161\u00edm c\u00edlem je, aby ka\u017ed\u00fd \u2014 bez ohledu na to, odkud poch\u00e1z\u00ed nebo v jak\u00e9 form\u011b je zam\u011bstn\u00e1n \u2014 m\u011bl p\u0159\u00edstup ke spravedliv\u00e9mu zach\u00e1zen\u00ed, ochranu pr\u00e1v a d\u016fstojn\u00e9 pracovn\u00ed podm\u00ednky.<\/p>\n<\/div>\n\t\t<\/div> \n\t<\/div>\n\t<\/div> \n<\/div><\/div>\n\t\t\t<\/div> \n\t\t<\/div>\n\t<\/div> \n<\/div><\/div>\n\t\t<div id=\"fws_69f5e1e14397a\"  data-column-margin=\"custom\" data-midnight=\"dark\" data-top-percent=\"3%\" data-bottom-percent=\"12%\"  class=\"wpb_row vc_row-fluid vc_row full-width-content vc_row-o-equal-height vc_row-flex vc_row-o-content-middle  right_padding_7vw left_padding_7vw column-margin-7vw\"  style=\"padding-top: calc(100vw * 0.03); padding-bottom: calc(100vw * 0.12); \"><div class=\"row-bg-wrap\" data-bg-animation=\"none\" data-bg-animation-delay=\"\" data-bg-overlay=\"false\"><div class=\"inner-wrap row-bg-layer\" ><div class=\"row-bg viewport-desktop using-bg-color\"  style=\"background-color: #f8f8f8; \"><\/div><\/div><\/div><div class=\"row_col_wrap_12 col span_12 dark left\">\n\t<div  class=\"vc_col-sm-6 wpb_column column_container vc_column_container col left_padding_desktop_2vw\"  data-padding-pos=\"all\" data-has-bg-color=\"false\" data-bg-color=\"\" data-bg-opacity=\"1\" data-animation=\"\" data-delay=\"0\" >\n\t\t<div class=\"vc_column-inner\" >\n\t\t\t<div class=\"wpb_wrapper\">\n\t\t\t\t<div class=\"toggles accordion toggles--minimal-shadow\" data-br=\"none\" data-starting=\"default\" data-style=\"minimal\"><div class=\"toggle accent-color\" data-inner-wrap=\"true\"><h3 class=\"toggle-title\"><a href=\"#\" role=\"button\" class=\"nectar-inherit-h3 toggle-heading\"><i role=\"presentation\" class=\"fa fa-plus-circle\"><\/i>Na\u0161e mise a principy<\/a><\/h3><div><div class=\"inner-toggle-wrap\">\n<div class=\"wpb_text_column wpb_content_element\" >\n\t<div class=\"wpb_wrapper\">\n\t\t<ul>\n<li data-start=\"740\" data-end=\"888\">\n<p data-start=\"742\" data-end=\"888\"><strong data-start=\"742\" data-end=\"758\">Ochrana pr\u00e1v<\/strong> \u2013 Prosazujeme pracovn\u00ed, mzdov\u00e1, soci\u00e1ln\u00ed, kulturn\u00ed, lidsk\u00e1 i ob\u010dansk\u00e1 pr\u00e1va na\u0161ich \u010dlen\u016f.<\/p>\n<\/li>\n<li data-start=\"889\" data-end=\"1012\">\n<p data-start=\"891\" data-end=\"1012\"><strong data-start=\"891\" data-end=\"916\">Rovnost a nestrannost<\/strong> \u2013 Aktivn\u011b bojujeme proti jak\u00fdmkoli form\u00e1m diskriminace.<\/p>\n<\/li>\n<li data-start=\"1013\" data-end=\"1187\">\n<p data-start=\"1015\" data-end=\"1187\"><strong data-start=\"1015\" data-end=\"1035\">Voln\u00e9 sdru\u017eov\u00e1n\u00ed<\/strong> \u2013 Zd\u016fraz\u0148ujeme pr\u00e1vo svobodn\u00e9ho \u010dlenstv\u00ed v odborech v souladu s platnou legislativou i mezin\u00e1rodn\u00edmi smlouvami.<\/p>\n<\/li>\n<li data-start=\"1188\" data-end=\"1370\">\n<p data-start=\"1190\" data-end=\"1370\"><strong data-start=\"1190\" data-end=\"1215\">Reprezentace a dialog<\/strong> \u2013 Zastupujeme \u010dleny p\u0159i jedn\u00e1n\u00edch s parlamentem, vl\u00e1dou, org\u00e1ny st\u00e1tn\u00ed spr\u00e1vy, zam\u011bstnavatelsk\u00fdmi svazy a dal\u0161\u00edmi.<\/p>\n<\/li>\n<li data-start=\"1371\" data-end=\"1487\">\n<p data-start=\"1373\" data-end=\"1487\"><strong data-start=\"1373\" data-end=\"1402\">Soci\u00e1ln\u011b spravedliv\u00fd st\u00e1t<\/strong> \u2013 Prosazujeme syst\u00e9m, ve kter\u00e9m se pr\u00e1va zam\u011bstnanc\u016f zohledn\u00ed v legislativ\u011b i praxi.<\/p>\n<\/li>\n<\/ul>\n\t<\/div>\n<\/div>\n\n\n\n<\/div><\/div><\/div><div class=\"toggle accent-color\" data-inner-wrap=\"true\"><h3 class=\"toggle-title\"><a href=\"#\" role=\"button\" class=\"nectar-inherit-h3 toggle-heading\"><i role=\"presentation\" class=\"fa fa-plus-circle\"><\/i>Co pro v\u00e1s d\u011bl\u00e1me<\/a><\/h3><div><div class=\"inner-toggle-wrap\">\n<div class=\"wpb_text_column wpb_content_element\" >\n\t<div class=\"wpb_wrapper\">\n\t\t<ul>\n<li data-start=\"1516\" data-end=\"1581\">\n<p data-start=\"1518\" data-end=\"1581\">Pr\u00e1vn\u00ed poradenstv\u00ed a podpora v pracovn\u011bpr\u00e1vn\u00edch z\u00e1le\u017eitostech<\/p>\n<\/li>\n<li data-start=\"1582\" data-end=\"1635\">\n<p data-start=\"1584\" data-end=\"1635\">Pomoc p\u0159i sporech se zam\u011bstnavateli \u010di agenturami<\/p>\n<\/li>\n<li data-start=\"1636\" data-end=\"1707\">\n<p data-start=\"1638\" data-end=\"1707\">Sledov\u00e1n\u00ed legislativy, prosazov\u00e1n\u00ed zm\u011bn v z\u00e1jmu ochrany zam\u011bstnanc\u016f<\/p>\n<\/li>\n<li data-start=\"1708\" data-end=\"1757\">\n<p data-start=\"1710\" data-end=\"1757\">Aktivn\u00ed \u00fa\u010dast v soci\u00e1ln\u00edm dialogu a jedn\u00e1n\u00edch<\/p>\n<\/li>\n<li data-start=\"1758\" data-end=\"1821\">\n<p data-start=\"1760\" data-end=\"1821\">Osv\u011btov\u00e9 vzd\u011bl\u00e1v\u00e1n\u00ed, \u0161kolen\u00ed a informa\u010dn\u00ed podpora pro \u010dleny<\/p>\n<\/li>\n<\/ul>\n\t<\/div>\n<\/div>\n\n\n\n<\/div><\/div><\/div><div class=\"toggle accent-color\" data-inner-wrap=\"true\"><h3 class=\"toggle-title\"><a href=\"#\" role=\"button\" class=\"nectar-inherit-h3 toggle-heading\"><i role=\"presentation\" class=\"fa fa-plus-circle\"><\/i>Pro\u010d se st\u00e1t \u010dlenem?<\/a><\/h3><div><div class=\"inner-toggle-wrap\">\n<div class=\"wpb_text_column wpb_content_element\" >\n\t<div class=\"wpb_wrapper\">\n\t\t<ul>\n<li data-start=\"1853\" data-end=\"1934\">\n<p data-start=\"1856\" data-end=\"1934\"><strong data-start=\"1856\" data-end=\"1888\">Hlas ve prosp\u011bch va\u0161ich pr\u00e1v<\/strong> \u2014 spole\u010dn\u011b dok\u00e1\u017eeme prosadit l\u00e9pe podm\u00ednky.<\/p>\n<\/li>\n<li data-start=\"1935\" data-end=\"2016\">\n<p data-start=\"1938\" data-end=\"2016\"><strong data-start=\"1938\" data-end=\"1965\">Odborn\u00e1 pomoc a ochrana<\/strong> \u2014 v p\u0159\u00edpad\u011b nespravedlnosti nebudete na to sami.<\/p>\n<\/li>\n<li data-start=\"2017\" data-end=\"2104\">\n<p data-start=\"2020\" data-end=\"2104\"><strong data-start=\"2020\" data-end=\"2051\">Solidarita a s\u00edla v jednot\u011b<\/strong> \u2014 ka\u017ed\u00e9 p\u0159ipojen\u00ed posiluje na\u0161i schopnost jedn\u00e1n\u00ed.<\/p>\n<\/li>\n<li data-start=\"2105\" data-end=\"2245\">\n<p data-start=\"2108\" data-end=\"2245\"><strong data-start=\"2108\" data-end=\"2150\">Podpora v nestandardn\u00edch form\u00e1ch pr\u00e1ce<\/strong> \u2014 zejm\u00e9na pro agenturn\u00ed zam\u011bstnance \u010di pracovn\u00edky ze zahrani\u010d\u00ed, pro kter\u00e9 b\u00fdv\u00e1 ochrana slab\u0161\u00ed.<\/p>\n<\/li>\n<\/ul>\n\t<\/div>\n<\/div>\n\n\n\n<\/div><\/div><\/div><\/div>\n\n\n\n\n\n\n\n\n\n\n\n\n\n\n\n\n\n\n\n\n\t\t\t<\/div> \n\t\t<\/div>\n\t<\/div> \n\n\t<div  class=\"vc_col-sm-6 wpb_column column_container vc_column_container col top_margin_tablet_10pct right_padding_desktop_2vw\"  data-padding-pos=\"all\" data-has-bg-color=\"false\" data-bg-color=\"\" data-bg-opacity=\"1\" data-animation=\"\" data-delay=\"0\" >\n\t\t<div class=\"vc_column-inner\" >\n\t\t\t<div class=\"wpb_wrapper\">\n\t\t\t\t<div id=\"fws_69f5e1e144646\" data-midnight=\"\" data-column-margin=\"default\" class=\"wpb_row vc_row-fluid vc_row inner_row\"  style=\"\"><div class=\"row-bg-wrap\"> <div class=\"row-bg\" ><\/div> <\/div><div class=\"row_col_wrap_12_inner col span_12  left\">\n\t<div  class=\"vc_col-sm-12 wpb_column column_container vc_column_container col child_column no-extra-padding inherit_tablet inherit_phone col-overflow-hidden\"   data-border-radius=\"15px\" data-overlay-color=\"true\" data-padding-pos=\"all\" data-has-bg-color=\"false\" data-bg-color=\"\" data-bg-opacity=\"1\" data-animation=\"\" data-delay=\"0\" >\n\t\t<div class=\"vc_column-inner\" ><div class=\"column-bg-overlay-wrap column-bg-layer\" data-bg-animation=\"none\"><div class=\"column-bg-overlay\"><\/div><div class=\"column-overlay-layer\" style=\"\"><\/div><\/div>\n\t\t<div class=\"wpb_wrapper\">\n\t\t\t<div class=\"img-with-aniamtion-wrap  nectar-el-parallax-scroll\" data-max-width=\"100%\" data-max-width-mobile=\"default\" data-shadow=\"custom\" data-animation=\"none\" data-scroll-animation=\"true\" data-scroll-animation-movement=\"transform_y\" data-scroll-animation-mobile=\"\" data-scroll-animation-intensity=\"-0.8\" >\n      <div class=\"inner\">\n        <div class=\"hover-wrap\" style=\"filter: drop-shadow(-25px 5px 25px rgba(0,0,0,0));\"> \n          <div class=\"hover-wrap-inner\">\n            <img loading=\"lazy\" decoding=\"async\" class=\"img-with-animation skip-lazy\" data-delay=\"0\" height=\"1310\" width=\"1920\" data-animation=\"none\" src=\"https:\/\/www.odborovysvaz-zaz.cz\/wp-content\/uploads\/2025\/10\/action-2277292_1920.jpg\" alt=\"\" srcset=\"https:\/\/www.odborovysvaz-zaz.cz\/wp-content\/uploads\/2025\/10\/action-2277292_1920.jpg 1920w, https:\/\/www.odborovysvaz-zaz.cz\/wp-content\/uploads\/2025\/10\/action-2277292_1920-300x205.jpg 300w, https:\/\/www.odborovysvaz-zaz.cz\/wp-content\/uploads\/2025\/10\/action-2277292_1920-1024x699.jpg 1024w, https:\/\/www.odborovysvaz-zaz.cz\/wp-content\/uploads\/2025\/10\/action-2277292_1920-768x524.jpg 768w, https:\/\/www.odborovysvaz-zaz.cz\/wp-content\/uploads\/2025\/10\/action-2277292_1920-1536x1048.jpg 1536w\" sizes=\"auto, (max-width: 1920px) 100vw, 1920px\" \/>\n          <\/div>\n        <\/div>\n      <\/div>\n    <\/div>\n\t\t<\/div> \n\t<\/div>\n\t<\/div> \n<\/div><\/div>\n\t\t\t<\/div> \n\t\t<\/div>\n\t<\/div> \n<\/div><\/div>\n\t\t<div id=\"fws_69f5e1e144d0d\"  data-column-margin=\"default\" data-midnight=\"dark\" data-top-percent=\"2%\" data-bottom-percent=\"6%\"  class=\"wpb_row vc_row-fluid vc_row full-width-section vc_row-o-equal-height vc_row-flex vc_row-o-content-middle\"  style=\"padding-top: calc(100vw * 0.02); padding-bottom: calc(100vw * 0.06); \"><div class=\"row-bg-wrap\" data-bg-animation=\"none\" data-bg-animation-delay=\"\" data-bg-overlay=\"true\"><div class=\"inner-wrap row-bg-layer\" ><div class=\"row-bg viewport-desktop\"  style=\"\"><\/div><\/div><div class=\"row-bg-overlay row-bg-layer\" style=\"background: linear-gradient(to bottom,#eaf1fd 0%,rgba(255,255,255,0.001) 75%);  opacity: 1; \"><\/div><\/div><div class=\"row_col_wrap_12 col span_12 dark left\">\n\t<div  class=\"vc_col-sm-12 wpb_column column_container vc_column_container col no-extra-padding inherit_tablet inherit_phone\"  data-padding-pos=\"right\" data-has-bg-color=\"false\" data-bg-color=\"\" data-bg-opacity=\"1\" data-animation=\"\" data-delay=\"0\" >\n\t\t<div class=\"vc_column-inner\" >\n\t\t\t<div class=\"wpb_wrapper\">\n\t\t\t\t<div id=\"fws_69f5e1e144f17\" data-midnight=\"\" data-column-margin=\"default\" class=\"wpb_row vc_row-fluid vc_row inner_row\"  style=\"padding-bottom: 2%; \"><div class=\"row-bg-wrap\"> <div class=\"row-bg\" ><\/div> <\/div><div class=\"row_col_wrap_12_inner col span_12  left\">\n\t<div  class=\"vc_col-sm-2 wpb_column column_container vc_column_container col child_column no-extra-padding inherit_tablet inherit_phone\"   data-padding-pos=\"all\" data-has-bg-color=\"false\" data-bg-color=\"\" data-bg-opacity=\"1\" data-animation=\"\" data-delay=\"0\" >\n\t\t<div class=\"vc_column-inner\" >\n\t\t<div class=\"wpb_wrapper\">\n\t\t\t\n\t\t<\/div> \n\t<\/div>\n\t<\/div> \n\n\t<div  class=\"vc_col-sm-8 wpb_column column_container vc_column_container col child_column centered-text no-extra-padding inherit_tablet inherit_phone\"   data-padding-pos=\"all\" data-has-bg-color=\"false\" data-bg-color=\"\" data-bg-opacity=\"1\" data-animation=\"\" data-delay=\"0\" >\n\t\t<div class=\"vc_column-inner\" >\n\t\t<div class=\"wpb_wrapper\">\n\t\t\t<div class=\"nectar-split-heading\" data-align=\"default\" data-m-align=\"inherit\" data-text-effect=\"default\" data-animation-type=\"line-reveal-by-space\" data-animation-delay=\"0\" data-animation-offset=\"\" data-m-rm-animation=\"\" data-stagger=\"\" data-custom-font-size=\"false\" ><h2 >ZAZ - m\u00edsto, kde bude dob\u0159e v\u0161em<\/h2><\/div>\n\t\t<\/div> \n\t<\/div>\n\t<\/div> \n\n\t<div  class=\"vc_col-sm-2 wpb_column column_container vc_column_container col child_column no-extra-padding inherit_tablet inherit_phone\"   data-padding-pos=\"all\" data-has-bg-color=\"false\" data-bg-color=\"\" data-bg-opacity=\"1\" data-animation=\"\" data-delay=\"0\" >\n\t\t<div class=\"vc_column-inner\" >\n\t\t<div class=\"wpb_wrapper\">\n\t\t\t\n\t\t<\/div> \n\t<\/div>\n\t<\/div> \n<\/div><\/div><div id=\"fws_69f5e1e14522d\" data-midnight=\"\" data-column-margin=\"20px\" class=\"wpb_row vc_row-fluid vc_row inner_row\"  style=\"\"><div class=\"row-bg-wrap\"> <div class=\"row-bg\" ><\/div> <\/div><div class=\"row_col_wrap_12_inner col span_12  left\">\n\t<div  class=\"vc_col-sm-3 wpb_column column_container vc_column_container col child_column has-animation no-extra-padding inherit_tablet inherit_phone\"   data-padding-pos=\"all\" data-has-bg-color=\"false\" data-bg-color=\"\" data-bg-opacity=\"1\" data-animation=\"fade-in-from-bottom\" data-delay=\"300\" >\n\t\t<div class=\"vc_column-inner\" >\n\t\t<div class=\"wpb_wrapper\">\n\t\t\t<div class=\"nectar-fancy-box using-img\" style=\"min-height: 350px\" data-style=\"hover_desc\" data-border-radius=\"5px\" data-animation=\"\" data-bg-animation=\"long_zoom\" data-border=\"\" data-delay=\"\" data-alignment=\"left\" data-color=\"accent-color\" ><div class=\"box-bg\" role=\"presentation\"  data-nectar-img-src=\"https:\/\/www.odborovysvaz-zaz.cz\/wp-content\/uploads\/2025\/10\/Sandy_Ppl-07_Single-11-scaled.jpg\"><\/div><div class=\"inner\"><div class=\"heading-wrap\"><i class=\"icon-default-style fa fa-shield\" data-color=\"accent-color\" style=\"font-size: 34px!important; line-height: 34px!important;\"><\/i>\n<h3>Ochrana pr\u00e1v<\/h3>\n<\/div><div class=\"hover-content\">Stoj\u00edme za ka\u017ed\u00fdm \u010dlenem \u2013 pom\u00e1h\u00e1me p\u0159i probl\u00e9mech se zam\u011bstnavatelem, agenturou i \u00fa\u0159ady.<\/div><\/div>  <a  href=\"https:\/\/www.odborovysvaz-zaz.cz\/ua\/pridej-se\/\" class=\"box-link\"><\/a> <\/div>\n\t\t<\/div> \n\t<\/div>\n\t<\/div> \n\n\t<div  class=\"vc_col-sm-3 wpb_column column_container vc_column_container col child_column has-animation no-extra-padding inherit_tablet inherit_phone\"   data-padding-pos=\"all\" data-has-bg-color=\"false\" data-bg-color=\"\" data-bg-opacity=\"1\" data-animation=\"fade-in-from-bottom\" data-delay=\"100\" >\n\t\t<div class=\"vc_column-inner\" >\n\t\t<div class=\"wpb_wrapper\">\n\t\t\t<div class=\"nectar-fancy-box using-img\" style=\"min-height: 350px\" data-style=\"hover_desc\" data-border-radius=\"5px\" data-animation=\"\" data-bg-animation=\"long_zoom\" data-border=\"\" data-delay=\"\" data-alignment=\"left\" data-color=\"accent-color\" ><div class=\"box-bg\" role=\"presentation\"  data-nectar-img-src=\"https:\/\/www.odborovysvaz-zaz.cz\/wp-content\/uploads\/2025\/10\/43145-scaled.jpg\"><\/div><div class=\"inner\"><div class=\"heading-wrap\"><i class=\"icon-default-style fa fa-comments-o\" data-color=\"accent-color\" style=\"font-size: 34px!important; line-height: 34px!important;\"><\/i>\n<h3>Zastupov\u00e1n\u00ed a dialog<\/h3>\n<\/div><div class=\"hover-content\">Jedn\u00e1me s vl\u00e1dou, parlamentem a zam\u011bstnavatelsk\u00fdmi svazy, aby se va\u0161e pot\u0159eby prom\u00edtly do z\u00e1kon\u016f.<\/div><\/div>  <a  href=\"https:\/\/www.odborovysvaz-zaz.cz\/ua\/nepoctivi-zamestnavatele\/\" class=\"box-link\"><\/a> <\/div>\n\t\t<\/div> \n\t<\/div>\n\t<\/div> \n\n\t<div  class=\"vc_col-sm-3 wpb_column column_container vc_column_container col child_column has-animation no-extra-padding inherit_tablet inherit_phone\"   data-padding-pos=\"all\" data-has-bg-color=\"false\" data-bg-color=\"\" data-bg-opacity=\"1\" data-animation=\"fade-in-from-bottom\" data-delay=\"200\" >\n\t\t<div class=\"vc_column-inner\" >\n\t\t<div class=\"wpb_wrapper\">\n\t\t\t<div class=\"nectar-fancy-box using-img\" style=\"min-height: 350px\" data-style=\"hover_desc\" data-border-radius=\"5px\" data-animation=\"\" data-bg-animation=\"long_zoom\" data-border=\"\" data-delay=\"\" data-alignment=\"left\" data-color=\"accent-color\" ><div class=\"box-bg\" role=\"presentation\"  data-nectar-img-src=\"https:\/\/www.odborovysvaz-zaz.cz\/wp-content\/uploads\/2025\/10\/4233-scaled.jpg\"><\/div><div class=\"inner\"><div class=\"heading-wrap\"><i class=\"icon-default-style fa fa-handshake-o\" data-color=\"accent-color\" style=\"font-size: 34px!important; line-height: 34px!important;\"><\/i>\n<h3>S\u00edla v jednot\u011b<\/h3>\n<\/div><div class=\"hover-content\">\u010c\u00edm v\u00edce n\u00e1s je, t\u00edm v\u011bt\u0161\u00ed m\u00e1me hlas p\u0159i vyjedn\u00e1v\u00e1n\u00ed o spravedliv\u00fdch podm\u00ednk\u00e1ch.<\/div><\/div>  <a  href=\"https:\/\/www.odborovysvaz-zaz.cz\/ua\/hledas-praci\/\" class=\"box-link\"><\/a> <\/div>\n\t\t<\/div> \n\t<\/div>\n\t<\/div> \n\n\t<div  class=\"vc_col-sm-3 wpb_column column_container vc_column_container col child_column has-animation no-extra-padding inherit_tablet inherit_phone\"   data-padding-pos=\"all\" data-has-bg-color=\"false\" data-bg-color=\"\" data-bg-opacity=\"1\" data-animation=\"fade-in-from-bottom\" data-delay=\"0\" >\n\t\t<div class=\"vc_column-inner\" >\n\t\t<div class=\"wpb_wrapper\">\n\t\t\t<div class=\"nectar-fancy-box using-img\" style=\"min-height: 350px\" data-style=\"hover_desc\" data-border-radius=\"5px\" data-animation=\"\" data-bg-animation=\"long_zoom\" data-border=\"\" data-delay=\"\" data-alignment=\"left\" data-color=\"accent-color\" ><div class=\"box-bg\" role=\"presentation\"  data-nectar-img-src=\"https:\/\/www.odborovysvaz-zaz.cz\/wp-content\/uploads\/2025\/10\/4971096_orig.jpg\"><\/div><div class=\"inner\"><div class=\"heading-wrap\"><i class=\"icon-default-style fa fa-id-card\" data-color=\"accent-color\" style=\"font-size: 34px!important; line-height: 34px!important;\"><\/i>\n<h3>Kontaktn\u00ed informace<\/h3>\n<\/div><div class=\"hover-content\">Zajistit v\u00edce informac\u00ed<\/div><\/div>  <a  href=\"https:\/\/www.odborovysvaz-zaz.cz\/ua\/kontaktni-informace\/\" class=\"box-link\"><\/a> <\/div>\n\t\t<\/div> \n\t<\/div>\n\t<\/div> \n<\/div><\/div>\n\t\t\t<\/div> \n\t\t<\/div>\n\t<\/div> \n<\/div><\/div>","protected":false},"excerpt":{"rendered":"O n\u00e1s Odborov\u00fd svaz zahrani\u010dn\u00edch a agenturn\u00edch zam\u011bstnanc\u016f (ZAZ) je progresivn\u00ed odborov\u00e1 organizace, kter\u00e1 h\u00e1j\u00ed z\u00e1jmy pracovn\u00edk\u016f, kte\u0159\u00ed \u010dasto \u010del\u00ed nejistot\u00e1m, nerovnostem \u010di slab\u0161\u00ed ochran\u011b. Na\u0161\u00edm c\u00edlem je, aby ka\u017ed\u00fd...","protected":false},"author":1,"featured_media":0,"parent":0,"menu_order":0,"comment_status":"closed","ping_status":"closed","template":"","meta":{"footnotes":""},"class_list":["post-11","page","type-page","status-publish"],"_links":{"self":[{"href":"https:\/\/www.odborovysvaz-zaz.cz\/ua\/wp-json\/wp\/v2\/pages\/11","targetHints":{"allow":["GET"]}}],"collection":[{"href":"https:\/\/www.odborovysvaz-zaz.cz\/ua\/wp-json\/wp\/v2\/pages"}],"about":[{"href":"https:\/\/www.odborovysvaz-zaz.cz\/ua\/wp-json\/wp\/v2\/types\/page"}],"author":[{"embeddable":true,"href":"https:\/\/www.odborovysvaz-zaz.cz\/ua\/wp-json\/wp\/v2\/users\/1"}],"replies":[{"embeddable":true,"href":"https:\/\/www.odborovysvaz-zaz.cz\/ua\/wp-json\/wp\/v2\/comments?post=11"}],"version-history":[{"count":8,"href":"https:\/\/www.odborovysvaz-zaz.cz\/ua\/wp-json\/wp\/v2\/pages\/11\/revisions"}],"predecessor-version":[{"id":105,"href":"https:\/\/www.odborovysvaz-zaz.cz\/ua\/wp-json\/wp\/v2\/pages\/11\/revisions\/105"}],"wp:attachment":[{"href":"https:\/\/www.odborovysvaz-zaz.cz\/ua\/wp-json\/wp\/v2\/media?parent=11"}],"curies":[{"name":"wp","href":"https:\/\/api.w.org\/{rel}","templated":true}]}}