{"id":15,"date":"2025-09-21T12:30:52","date_gmt":"2025-09-21T12:30:52","guid":{"rendered":"https:\/\/www.odborovysvaz-zaz.cz\/?page_id=15"},"modified":"2025-10-06T21:16:09","modified_gmt":"2025-10-06T21:16:09","slug":"kontaktni-informace","status":"publish","type":"page","link":"https:\/\/www.odborovysvaz-zaz.cz\/ua\/kontaktni-informace\/","title":{"rendered":"Kontaktn\u00ed informace"},"content":{"rendered":"<div id=\"fws_69f5e07560db8\"  data-column-margin=\"default\" data-midnight=\"light\" data-top-percent=\"15%\" data-bottom-percent=\"5%\"  class=\"wpb_row vc_row-fluid vc_row full-width-section\"  style=\"padding-top: calc(100vw * 0.15); padding-bottom: calc(100vw * 0.05); \"><div class=\"row-bg-wrap\" data-bg-animation=\"none\" data-bg-animation-delay=\"\" data-bg-overlay=\"false\"><div class=\"inner-wrap row-bg-layer using-image\" ><div class=\"row-bg viewport-desktop using-image using-bg-color\"  style=\"background-image: url(https:\/\/www.odborovysvaz-zaz.cz\/wp-content\/uploads\/2025\/10\/office.avif); background-position: center bottom; background-repeat: no-repeat; background-color: #333333; \"><\/div><\/div><\/div><div class=\"row_col_wrap_12 col span_12 light left\">\n\t<div  class=\"vc_col-sm-12 wpb_column column_container vc_column_container col no-extra-padding inherit_tablet inherit_phone\"  data-padding-pos=\"all\" data-has-bg-color=\"false\" data-bg-color=\"\" data-bg-opacity=\"1\" data-animation=\"\" data-delay=\"0\" >\n\t\t<div class=\"vc_column-inner\" >\n\t\t\t<div class=\"wpb_wrapper\">\n\t\t\t\t<div class=\"divider-wrap\" data-alignment=\"default\"><div style=\"height: 40px;\" class=\"divider\"><\/div><\/div><div id=\"fws_69f5e075613b1\" data-midnight=\"\" data-column-margin=\"default\" class=\"wpb_row vc_row-fluid vc_row inner_row\"  style=\"\"><div class=\"row-bg-wrap\"> <div class=\"row-bg\" ><\/div> <\/div><div class=\"row_col_wrap_12_inner col span_12  left\">\n\t<div style=\"\" class=\"vc_col-sm-4 vc_col-lg-3 vc_col-md-4 vc_col-xs-8 wpb_column column_container vc_column_container col child_column padding-3-percent inherit_tablet inherit_phone\"  data-using-bg=\"true\" data-shadow=\"large_depth\" data-border-radius=\"10px\" data-padding-pos=\"all\" data-has-bg-color=\"true\" data-bg-color=\"#1C5A2D\" data-bg-opacity=\"1\" data-animation=\"\" data-delay=\"0\" >\n\t\t<div class=\"vc_column-inner\" ><div class=\"column-bg-overlay-wrap column-bg-layer\" data-bg-animation=\"none\"><div class=\"column-bg-overlay\" style=\"opacity: 1; background-color: #1C5A2D;\"><\/div><\/div>\n\t\t<div class=\"wpb_wrapper\">\n\t\t\t\n<div class=\"wpb_text_column wpb_content_element\" >\n\t<div class=\"wpb_wrapper\">\n\t\t<div id=\"block-12\" class=\"widget widget_block widget_text\">\n<p>N\u00e1zev :&nbsp;<strong>Odborov\u00fd svaz zahrani\u010dn\u00edch a agenturn\u00edch zam\u011bstnanc\u016f (ZAZ)<\/strong><\/p>\n<\/div>\n<div id=\"block-13\" class=\"widget widget_block widget_text\">\n<p>Adresa: Filma\u0159sk\u00e1 1154\/21, 152 00 Praha \u2013 Hlubo\u010depy<\/p>\n<\/div>\n<div id=\"block-14\" class=\"widget widget_block widget_text\">\n<p><strong>I\u010cO<\/strong>: 09214194<\/p>\n<\/div>\n<p>Emeil :<\/p>\n<p class=\"p1\"><a href=\"mailto:predseda@odborovysvaz-zaz.cz\">predseda@odborovysvaz-zaz.cz<\/a><\/p>\n<p class=\"p1\"><a href=\"mailto:tajemnik@odborovysvaz-zaz.cz\">tajemnik@odborovysvaz-zaz.cz<\/a><\/p>\n<p class=\"p1\"><a href=\"mailto:sekretariat@odborovysvaz-zaz.cz\">sekretariat@odborovysvaz-zaz.cz<\/a><\/p>\n<p>Facebook : <a href=\"https:\/\/www.facebook.com\/odborovysvazzaz\">Odborov\u00fd svaz ZAZ<\/a><\/p>\n<p>Instagram : <a href=\"https:\/\/www.instagram.com\/odborovy_svaz_zaz\/\">odborovy_svaz_zaz<\/a><\/p>\n\t<\/div>\n<\/div>\n\n\n\n\n\t\t<\/div> \n\t<\/div>\n\t<\/div> \n\n\t<div  class=\"vc_col-sm-8 wpb_column column_container vc_column_container col child_column no-extra-padding inherit_tablet inherit_phone\"   data-padding-pos=\"all\" data-has-bg-color=\"false\" data-bg-color=\"\" data-bg-opacity=\"1\" data-animation=\"\" data-delay=\"0\" >\n\t\t<div class=\"vc_column-inner\" >\n\t\t<div class=\"wpb_wrapper\">\n\t\t\t\n\t\t<\/div> \n\t<\/div>\n\t<\/div> \n<\/div><\/div>\n\t\t\t<\/div> \n\t\t<\/div>\n\t<\/div> \n<\/div><\/div>\n\t\t<div id=\"fws_69f5e075618e0\"  data-column-margin=\"default\" data-midnight=\"dark\" data-top-percent=\"2%\" data-bottom-percent=\"6%\"  class=\"wpb_row vc_row-fluid vc_row full-width-section vc_row-o-equal-height vc_row-flex vc_row-o-content-middle\"  style=\"padding-top: calc(100vw * 0.02); padding-bottom: calc(100vw * 0.06); \"><div class=\"row-bg-wrap\" data-bg-animation=\"none\" data-bg-animation-delay=\"\" data-bg-overlay=\"true\"><div class=\"inner-wrap row-bg-layer\" ><div class=\"row-bg viewport-desktop\"  style=\"\"><\/div><\/div><div class=\"row-bg-overlay row-bg-layer\" style=\"background: linear-gradient(to bottom,#eaf1fd 0%,rgba(255,255,255,0.001) 75%);  opacity: 1; \"><\/div><\/div><div class=\"row_col_wrap_12 col span_12 dark left\">\n\t<div  class=\"vc_col-sm-12 wpb_column column_container vc_column_container col no-extra-padding inherit_tablet inherit_phone\"  data-padding-pos=\"right\" data-has-bg-color=\"false\" data-bg-color=\"\" data-bg-opacity=\"1\" data-animation=\"\" data-delay=\"0\" >\n\t\t<div class=\"vc_column-inner\" >\n\t\t\t<div class=\"wpb_wrapper\">\n\t\t\t\t<div id=\"fws_69f5e07561b2a\" data-midnight=\"\" data-column-margin=\"default\" class=\"wpb_row vc_row-fluid vc_row inner_row\"  style=\"padding-bottom: 2%; \"><div class=\"row-bg-wrap\"> <div class=\"row-bg\" ><\/div> <\/div><div class=\"row_col_wrap_12_inner col span_12  left\">\n\t<div  class=\"vc_col-sm-2 wpb_column column_container vc_column_container col child_column no-extra-padding inherit_tablet inherit_phone\"   data-padding-pos=\"all\" data-has-bg-color=\"false\" data-bg-color=\"\" data-bg-opacity=\"1\" data-animation=\"\" data-delay=\"0\" >\n\t\t<div class=\"vc_column-inner\" >\n\t\t<div class=\"wpb_wrapper\">\n\t\t\t\n\t\t<\/div> \n\t<\/div>\n\t<\/div> \n\n\t<div  class=\"vc_col-sm-8 wpb_column column_container vc_column_container col child_column centered-text no-extra-padding inherit_tablet inherit_phone\"   data-padding-pos=\"all\" data-has-bg-color=\"false\" data-bg-color=\"\" data-bg-opacity=\"1\" data-animation=\"\" data-delay=\"0\" >\n\t\t<div class=\"vc_column-inner\" >\n\t\t<div class=\"wpb_wrapper\">\n\t\t\t<div class=\"nectar-split-heading\" data-align=\"default\" data-m-align=\"inherit\" data-text-effect=\"default\" data-animation-type=\"line-reveal-by-space\" data-animation-delay=\"0\" data-animation-offset=\"\" data-m-rm-animation=\"\" data-stagger=\"\" data-custom-font-size=\"false\" ><h2 >ZAZ - m\u00edsto, kde bude dob\u0159e v\u0161em<\/h2><\/div>\n\t\t<\/div> \n\t<\/div>\n\t<\/div> \n\n\t<div  class=\"vc_col-sm-2 wpb_column column_container vc_column_container col child_column no-extra-padding inherit_tablet inherit_phone\"   data-padding-pos=\"all\" data-has-bg-color=\"false\" data-bg-color=\"\" data-bg-opacity=\"1\" data-animation=\"\" data-delay=\"0\" >\n\t\t<div class=\"vc_column-inner\" >\n\t\t<div class=\"wpb_wrapper\">\n\t\t\t\n\t\t<\/div> \n\t<\/div>\n\t<\/div> \n<\/div><\/div><div id=\"fws_69f5e07561f14\" data-midnight=\"\" data-column-margin=\"20px\" class=\"wpb_row vc_row-fluid vc_row inner_row\"  style=\"\"><div class=\"row-bg-wrap\"> <div class=\"row-bg\" ><\/div> <\/div><div class=\"row_col_wrap_12_inner col span_12  left\">\n\t<div  class=\"vc_col-sm-3 wpb_column column_container vc_column_container col child_column has-animation no-extra-padding inherit_tablet inherit_phone\"   data-padding-pos=\"all\" data-has-bg-color=\"false\" data-bg-color=\"\" data-bg-opacity=\"1\" data-animation=\"fade-in-from-bottom\" data-delay=\"300\" >\n\t\t<div class=\"vc_column-inner\" >\n\t\t<div class=\"wpb_wrapper\">\n\t\t\t<div class=\"nectar-fancy-box using-img\" style=\"min-height: 350px\" data-style=\"hover_desc\" data-border-radius=\"5px\" data-animation=\"\" data-bg-animation=\"long_zoom\" data-border=\"\" data-delay=\"\" data-alignment=\"left\" data-color=\"accent-color\" ><div class=\"box-bg\" role=\"presentation\"  data-nectar-img-src=\"https:\/\/www.odborovysvaz-zaz.cz\/wp-content\/uploads\/2025\/10\/Sandy_Ppl-07_Single-11-scaled.jpg\"><\/div><div class=\"inner\"><div class=\"heading-wrap\"><i class=\"icon-default-style fa fa-shield\" data-color=\"accent-color\" style=\"font-size: 34px!important; line-height: 34px!important;\"><\/i>Ochrana pr\u00e1v<\/div><div class=\"hover-content\">Stoj\u00edme za ka\u017ed\u00fdm \u010dlenem \u2013 pom\u00e1h\u00e1me p\u0159i probl\u00e9mech se zam\u011bstnavatelem, agenturou i \u00fa\u0159ady.<\/div><\/div>  <a  href=\"https:\/\/www.odborovysvaz-zaz.cz\/ua\/pridej-se\/\" class=\"box-link\"><\/a> <\/div>\n\t\t<\/div> \n\t<\/div>\n\t<\/div> \n\n\t<div  class=\"vc_col-sm-3 wpb_column column_container vc_column_container col child_column has-animation no-extra-padding inherit_tablet inherit_phone\"   data-padding-pos=\"all\" data-has-bg-color=\"false\" data-bg-color=\"\" data-bg-opacity=\"1\" data-animation=\"fade-in-from-bottom\" data-delay=\"100\" >\n\t\t<div class=\"vc_column-inner\" >\n\t\t<div class=\"wpb_wrapper\">\n\t\t\t<div class=\"nectar-fancy-box using-img\" style=\"min-height: 350px\" data-style=\"hover_desc\" data-border-radius=\"5px\" data-animation=\"\" data-bg-animation=\"long_zoom\" data-border=\"\" data-delay=\"\" data-alignment=\"left\" data-color=\"accent-color\" ><div class=\"box-bg\" role=\"presentation\"  data-nectar-img-src=\"https:\/\/www.odborovysvaz-zaz.cz\/wp-content\/uploads\/2025\/10\/43145-scaled.jpg\"><\/div><div class=\"inner\"><div class=\"heading-wrap\"><i class=\"icon-default-style fa fa-comments-o\" data-color=\"accent-color\" style=\"font-size: 34px!important; line-height: 34px!important;\"><\/i>Zastupov\u00e1n\u00ed a dialog<\/div><div class=\"hover-content\">Jedn\u00e1me s vl\u00e1dou, parlamentem a zam\u011bstnavatelsk\u00fdmi svazy, aby se va\u0161e pot\u0159eby prom\u00edtly do z\u00e1kon\u016f.<\/div><\/div>  <a  href=\"https:\/\/www.odborovysvaz-zaz.cz\/ua\/nepoctivi-zamestnavatele\/\" class=\"box-link\"><\/a> <\/div>\n\t\t<\/div> \n\t<\/div>\n\t<\/div> \n\n\t<div  class=\"vc_col-sm-3 wpb_column column_container vc_column_container col child_column has-animation no-extra-padding inherit_tablet inherit_phone\"   data-padding-pos=\"all\" data-has-bg-color=\"false\" data-bg-color=\"\" data-bg-opacity=\"1\" data-animation=\"fade-in-from-bottom\" data-delay=\"200\" >\n\t\t<div class=\"vc_column-inner\" >\n\t\t<div class=\"wpb_wrapper\">\n\t\t\t<div class=\"nectar-fancy-box using-img\" style=\"min-height: 350px\" data-style=\"hover_desc\" data-border-radius=\"5px\" data-animation=\"\" data-bg-animation=\"long_zoom\" data-border=\"\" data-delay=\"\" data-alignment=\"left\" data-color=\"accent-color\" ><div class=\"box-bg\" role=\"presentation\"  data-nectar-img-src=\"https:\/\/www.odborovysvaz-zaz.cz\/wp-content\/uploads\/2025\/10\/4233-scaled.jpg\"><\/div><div class=\"inner\"><div class=\"heading-wrap\"><i class=\"icon-default-style fa fa-handshake-o\" data-color=\"accent-color\" style=\"font-size: 34px!important; line-height: 34px!important;\"><\/i>S\u00edla v jednot\u011b<\/div><div class=\"hover-content\">\u010c\u00edm v\u00edce n\u00e1s je, t\u00edm v\u011bt\u0161\u00ed m\u00e1me hlas p\u0159i vyjedn\u00e1v\u00e1n\u00ed o spravedliv\u00fdch podm\u00ednk\u00e1ch.<\/div><\/div>  <a  href=\"https:\/\/www.odborovysvaz-zaz.cz\/ua\/hledas-praci\/\" class=\"box-link\"><\/a> <\/div>\n\t\t<\/div> \n\t<\/div>\n\t<\/div> \n\n\t<div  class=\"vc_col-sm-3 wpb_column column_container vc_column_container col child_column has-animation no-extra-padding inherit_tablet inherit_phone\"   data-padding-pos=\"all\" data-has-bg-color=\"false\" data-bg-color=\"\" data-bg-opacity=\"1\" data-animation=\"fade-in-from-bottom\" data-delay=\"0\" >\n\t\t<div class=\"vc_column-inner\" >\n\t\t<div class=\"wpb_wrapper\">\n\t\t\t<div class=\"nectar-fancy-box using-img\" style=\"min-height: 350px\" data-style=\"hover_desc\" data-border-radius=\"5px\" data-animation=\"\" data-bg-animation=\"long_zoom\" data-border=\"\" data-delay=\"\" data-alignment=\"left\" data-color=\"accent-color\" ><div class=\"box-bg\" role=\"presentation\"  data-nectar-img-src=\"https:\/\/www.odborovysvaz-zaz.cz\/wp-content\/uploads\/2025\/10\/4971096_orig.jpg\"><\/div><div class=\"inner\"><div class=\"heading-wrap\"><i class=\"icon-default-style fa fa-id-card\" data-color=\"accent-color\" style=\"font-size: 34px!important; line-height: 34px!important;\"><\/i>Kontaktn\u00ed informace<\/div><div class=\"hover-content\">Zajistit v\u00edce informac\u00ed<\/div><\/div>  <a  href=\"https:\/\/www.odborovysvaz-zaz.cz\/ua\/kontaktni-informace\/\" class=\"box-link\"><\/a> <\/div>\n\t\t<\/div> \n\t<\/div>\n\t<\/div> \n<\/div><\/div>\n\t\t\t<\/div> \n\t\t<\/div>\n\t<\/div> \n<\/div><\/div>","protected":false},"excerpt":{"rendered":"N\u00e1zev :&nbsp;Odborov\u00fd svaz zahrani\u010dn\u00edch a agenturn\u00edch zam\u011bstnanc\u016f (ZAZ) Adresa: Filma\u0159sk\u00e1 1154\/21, 152 00 Praha \u2013 Hlubo\u010depy I\u010cO: 09214194 Emeil : predseda@odborovysvaz-zaz.cz tajemnik@odborovysvaz-zaz.cz sekretariat@odborovysvaz-zaz.cz Facebook : Odborov\u00fd svaz ZAZ Instagram :...","protected":false},"author":1,"featured_media":0,"parent":0,"menu_order":0,"comment_status":"closed","ping_status":"closed","template":"","meta":{"footnotes":""},"class_list":["post-15","page","type-page","status-publish"],"_links":{"self":[{"href":"https:\/\/www.odborovysvaz-zaz.cz\/ua\/wp-json\/wp\/v2\/pages\/15","targetHints":{"allow":["GET"]}}],"collection":[{"href":"https:\/\/www.odborovysvaz-zaz.cz\/ua\/wp-json\/wp\/v2\/pages"}],"about":[{"href":"https:\/\/www.odborovysvaz-zaz.cz\/ua\/wp-json\/wp\/v2\/types\/page"}],"author":[{"embeddable":true,"href":"https:\/\/www.odborovysvaz-zaz.cz\/ua\/wp-json\/wp\/v2\/users\/1"}],"replies":[{"embeddable":true,"href":"https:\/\/www.odborovysvaz-zaz.cz\/ua\/wp-json\/wp\/v2\/comments?post=15"}],"version-history":[{"count":6,"href":"https:\/\/www.odborovysvaz-zaz.cz\/ua\/wp-json\/wp\/v2\/pages\/15\/revisions"}],"predecessor-version":[{"id":87,"href":"https:\/\/www.odborovysvaz-zaz.cz\/ua\/wp-json\/wp\/v2\/pages\/15\/revisions\/87"}],"wp:attachment":[{"href":"https:\/\/www.odborovysvaz-zaz.cz\/ua\/wp-json\/wp\/v2\/media?parent=15"}],"curies":[{"name":"wp","href":"https:\/\/api.w.org\/{rel}","templated":true}]}}