{"id":19,"date":"2025-09-21T12:33:41","date_gmt":"2025-09-21T12:33:41","guid":{"rendered":"https:\/\/www.odborovysvaz-zaz.cz\/?page_id=19"},"modified":"2025-09-21T12:33:41","modified_gmt":"2025-09-21T12:33:41","slug":"hledas-praci","status":"publish","type":"page","link":"https:\/\/www.odborovysvaz-zaz.cz\/ua\/hledas-praci\/","title":{"rendered":"HLED\u00c1\u0160 PR\u00c1CI?"},"content":{"rendered":"","protected":false},"excerpt":{"rendered":"","protected":false},"author":1,"featured_media":0,"parent":0,"menu_order":0,"comment_status":"closed","ping_status":"closed","template":"","meta":{"footnotes":""},"class_list":["post-19","page","type-page","status-publish"],"_links":{"self":[{"href":"https:\/\/www.odborovysvaz-zaz.cz\/ua\/wp-json\/wp\/v2\/pages\/19","targetHints":{"allow":["GET"]}}],"collection":[{"href":"https:\/\/www.odborovysvaz-zaz.cz\/ua\/wp-json\/wp\/v2\/pages"}],"about":[{"href":"https:\/\/www.odborovysvaz-zaz.cz\/ua\/wp-json\/wp\/v2\/types\/page"}],"author":[{"embeddable":true,"href":"https:\/\/www.odborovysvaz-zaz.cz\/ua\/wp-json\/wp\/v2\/users\/1"}],"replies":[{"embeddable":true,"href":"https:\/\/www.odborovysvaz-zaz.cz\/ua\/wp-json\/wp\/v2\/comments?post=19"}],"version-history":[{"count":1,"href":"https:\/\/www.odborovysvaz-zaz.cz\/ua\/wp-json\/wp\/v2\/pages\/19\/revisions"}],"predecessor-version":[{"id":20,"href":"https:\/\/www.odborovysvaz-zaz.cz\/ua\/wp-json\/wp\/v2\/pages\/19\/revisions\/20"}],"wp:attachment":[{"href":"https:\/\/www.odborovysvaz-zaz.cz\/ua\/wp-json\/wp\/v2\/media?parent=19"}],"curies":[{"name":"wp","href":"https:\/\/api.w.org\/{rel}","templated":true}]}}